{"id":126,"date":"2026-02-11T01:33:51","date_gmt":"2026-02-11T01:33:51","guid":{"rendered":"https:\/\/www.elianaillanez.com\/?page_id=126"},"modified":"2026-04-15T03:54:47","modified_gmt":"2026-04-15T03:54:47","slug":"terapia-de-pareja-en-quito-y-cumbaya","status":"publish","type":"page","link":"https:\/\/www.elianaillanez.com\/index.php\/terapia-de-pareja-en-quito-y-cumbaya\/","title":{"rendered":"Terapia de pareja en Quito y Cumbay\u00e1"},"content":{"rendered":"\t\t<div data-elementor-type=\"wp-page\" data-elementor-id=\"126\" class=\"elementor elementor-126\" data-elementor-post-type=\"page\">\n\t\t\t\t<div class=\"elementor-element elementor-element-1aeff52 e-flex e-con-boxed e-con e-parent\" data-id=\"1aeff52\" data-element_type=\"container\" data-e-type=\"container\">\n\t\t\t\t\t<div class=\"e-con-inner\">\n\t\t\t\t<div class=\"elementor-element elementor-element-3b6d3fb elementor-widget elementor-widget-heading\" data-id=\"3b6d3fb\" data-element_type=\"widget\" data-e-type=\"widget\" data-widget_type=\"heading.default\">\n\t\t\t\t\t<h1 class=\"elementor-heading-title elementor-size-default\">Terapia de pareja en Quito y Cumbay\u00e1<\/h1>\t\t\t\t<\/div>\n\t\t\t\t\t<\/div>\n\t\t\t\t<\/div>\n\t\t<div class=\"elementor-element elementor-element-4e60eb0 e-flex e-con-boxed e-con e-parent\" data-id=\"4e60eb0\" data-element_type=\"container\" data-e-type=\"container\">\n\t\t\t\t\t<div class=\"e-con-inner\">\n\t\t<div class=\"elementor-element elementor-element-5a679b0 e-con-full e-flex e-con e-child\" data-id=\"5a679b0\" data-element_type=\"container\" data-e-type=\"container\">\n\t\t\t\t<div class=\"elementor-element elementor-element-e6d591d elementor-widget elementor-widget-image\" data-id=\"e6d591d\" data-element_type=\"widget\" data-e-type=\"widget\" data-widget_type=\"image.default\">\n\t\t\t\t\t\t\t\t\t\t\t\t\t\t\t<img fetchpriority=\"high\" decoding=\"async\" width=\"1200\" height=\"800\" src=\"https:\/\/www.elianaillanez.com\/wp-content\/uploads\/2026\/03\/terapia-de-pareja-quito-1.webp\" class=\"attachment-full size-full wp-image-431\" alt=\"\" srcset=\"https:\/\/www.elianaillanez.com\/wp-content\/uploads\/2026\/03\/terapia-de-pareja-quito-1.webp 1200w, https:\/\/www.elianaillanez.com\/wp-content\/uploads\/2026\/03\/terapia-de-pareja-quito-1-300x200.webp 300w, https:\/\/www.elianaillanez.com\/wp-content\/uploads\/2026\/03\/terapia-de-pareja-quito-1-1024x683.webp 1024w, https:\/\/www.elianaillanez.com\/wp-content\/uploads\/2026\/03\/terapia-de-pareja-quito-1-768x512.webp 768w\" sizes=\"(max-width: 1200px) 100vw, 1200px\" \/>\t\t\t\t\t\t\t\t\t\t\t\t\t\t\t<\/div>\n\t\t\t\t<\/div>\n\t\t\t\t\t<\/div>\n\t\t\t\t<\/div>\n\t\t<div class=\"elementor-element elementor-element-7385368 e-flex e-con-boxed e-con e-parent\" data-id=\"7385368\" data-element_type=\"container\" data-e-type=\"container\">\n\t\t\t\t\t<div class=\"e-con-inner\">\n\t\t\t\t<div class=\"elementor-element elementor-element-0e38f4d elementor-widget elementor-widget-text-editor\" data-id=\"0e38f4d\" data-element_type=\"widget\" data-e-type=\"widget\" data-widget_type=\"text-editor.default\">\n\t\t\t\t\t\t\t\t\t<h2 style=\"margin-bottom: 6.0pt;\"><span lang=\"EN-US\">\u00bfPara qu\u00e9 sirve la terapia de pareja?<\/span><\/h2><p class=\"MsoNormal\" style=\"margin-bottom: 6.0pt;\"><span lang=\"EN-US\">La terapia de pareja es un espacio profesional para mejorar la comunicaci\u00f3n, ordenar conflictos y reconstruir acuerdos cuando la relaci\u00f3n se siente estancada o desgastada. Brindo atenci\u00f3n presencial en Quito y Cumbay\u00e1 (y telepsicolog\u00eda seg\u00fan coordinaci\u00f3n), con un encuadre claro, objetivos realistas y acompa\u00f1amiento respetuoso.<\/span><\/p><p class=\"MsoNormal\" style=\"margin: 6.0pt 0cm 4.0pt 0cm;\"><b style=\"mso-bidi-font-weight: normal;\"><span lang=\"EN-US\">Se trabaja con frecuencia en:<\/span><\/b><\/p><ul><li class=\"MsoListBulletCxSpFirst\"><span lang=\"EN-US\">Comunicaci\u00f3n dif\u00edcil, discusiones repetitivas y desgaste emocional<\/span><\/li><li class=\"MsoListBulletCxSpFirst\"><span lang=\"EN-US\">Confianza, celos e infidelidad<\/span><\/li><li class=\"MsoListBulletCxSpMiddle\"><span lang=\"EN-US\">Dificultad para llegar a acuerdos y toma de decisiones importantes<\/span><\/li><li class=\"MsoListBulletCxSpMiddle\"><span lang=\"EN-US\">Crisis por cambios de etapa (convivencia, maternidad\/paternidad, nido vac\u00edo)<\/span><\/li><li class=\"MsoListBulletCxSpMiddle\"><span lang=\"EN-US\">Manejo de l\u00edmites, familia extendida y temas de convivencia<\/span><\/li><li class=\"MsoListBulletCxSpMiddle\"><span lang=\"EN-US\">Separaci\u00f3n o divorcio con un cierre saludable (cuando corresponde)<\/span><\/li><\/ul><h2 style=\"margin: 12.0pt 0cm 6.0pt 0cm;\"><span lang=\"EN-US\">Situaciones comunes que se abordan en terapia de pareja<\/span><\/h2><ul><li class=\"MsoListBulletCxSpFirst\"><span lang=\"EN-US\">Reconstrucci\u00f3n de la confianza y reparaci\u00f3n emocional.<\/span><\/li><li class=\"MsoListBulletCxSpFirst\"><span lang=\"EN-US\">Mejora de la comunicaci\u00f3n y resoluci\u00f3n de conflictos.<\/span><\/li><li class=\"MsoListBulletCxSpFirst\"><span lang=\"EN-US\">Gesti\u00f3n de celos, inseguridades e infidelidad.<\/span><\/li><li class=\"MsoListBulletCxSpFirst\"><span lang=\"EN-US\">Acompa\u00f1amiento en crisis de pareja y reordenamiento de metas comunes.<\/span><\/li><li class=\"MsoListBulletCxSpFirst\"><span lang=\"EN-US\">Acompa\u00f1amiento en procesos de separaci\u00f3n o divorcio para un cierre saludable.<\/span><\/li><li class=\"MsoListBulletCxSpFirst\"><span lang=\"EN-US\">Asesor\u00eda en cuidado, crianza y educaci\u00f3n de los hijos para padres separados.<\/span><\/li><li class=\"MsoListBulletCxSpFirst\"><span lang=\"EN-US\">Mediaci\u00f3n en conflictos patrimoniales o de patria potestad. (Acompa\u00f1amiento terap\u00e9utico del proceso; si se requiere asesor\u00eda jur\u00eddica, se coordina con profesionales legales.)<\/span><\/li><\/ul><h2 style=\"margin: 12.0pt 0cm 6.0pt 0cm;\"><span lang=\"EN-US\">\u00bfC\u00f3mo es la primera sesi\u00f3n de terapia de pareja?<\/span><\/h2><p class=\"MsoNormal\" style=\"margin-bottom: 6.0pt;\"><span lang=\"EN-US\">La primera sesi\u00f3n busca dar claridad y bajar la tensi\u00f3n, sin buscar culpables. Revisamos el motivo de consulta, c\u00f3mo han intentado resolverlo y qu\u00e9 est\u00e1 sosteniendo el conflicto. Desde ah\u00ed se define un plan de trabajo con acuerdos concretos y objetivos realistas.<\/span><\/p><p class=\"MsoNormal\" style=\"margin: 6.0pt 0cm 4.0pt 0cm;\"><b style=\"mso-bidi-font-weight: normal;\"><span lang=\"EN-US\">En la primera sesi\u00f3n usualmente trabajamos:<\/span><\/b><\/p><ul><li class=\"MsoListBulletCxSpFirst\"><span lang=\"EN-US\">Motivo principal y qu\u00e9 necesita cada uno para sentirse escuchado\/a<\/span><\/li><li class=\"MsoListBulletCxSpFirst\"><span lang=\"EN-US\" style=\"font-family: Symbol; mso-fareast-font-family: Symbol; mso-bidi-font-family: Symbol;\"><span style=\"mso-list: Ignore;\"><span style=\"font: 7.0pt 'Times New Roman';\">\u00a0<\/span><\/span><\/span><span lang=\"EN-US\">Patrones de discusi\u00f3n (c\u00f3mo empieza, c\u00f3mo escala y c\u00f3mo termina)<\/span><\/li><li class=\"MsoListBulletCxSpFirst\"><span lang=\"EN-US\">Puntos de quiebre: confianza, l\u00edmites, comunicaci\u00f3n y convivencia<\/span><\/li><li class=\"MsoListBulletCxSpFirst\"><span lang=\"EN-US\">Objetivos: qu\u00e9 ser\u00eda \u201cmejorar\u201d en t\u00e9rminos observables<\/span><\/li><li class=\"MsoListBulletCxSpFirst\"><span lang=\"EN-US\">Acuerdos b\u00e1sicos para cuidar el proceso (respeto, turnos, l\u00edmites)<\/span><\/li><\/ul><h2 style=\"margin: 12.0pt 0cm 6.0pt 0cm;\"><span lang=\"EN-US\">Enfoques terap\u00e9uticos<\/span><\/h2><h3 style=\"margin: 8.0pt 0cm 4.0pt 0cm;\"><span lang=\"EN-US\">Terapia Cognitivo-Conductual (TCC)<\/span><\/h3><p class=\"MsoNormal\" style=\"margin-bottom: 6.0pt;\"><span lang=\"EN-US\">Herramientas pr\u00e1cticas para identificar patrones de pensamiento y conducta que alimentan el conflicto, fortalecer habilidades de comunicaci\u00f3n y construir acuerdos concretos.<\/span><\/p><h3 style=\"margin: 8.0pt 0cm 4.0pt 0cm;\"><span lang=\"EN-US\">Terapia Sist\u00e9mica Relacional<\/span><\/h3><p class=\"MsoNormal\" style=\"margin-bottom: 6.0pt;\"><span lang=\"EN-US\">Comprensi\u00f3n de la pareja como sistema: din\u00e1micas, roles, comunicaci\u00f3n, historia y contexto, para promover cambios sostenibles y v\u00ednculos m\u00e1s sanos.<\/span><\/p>\t\t\t\t\t\t\t\t<\/div>\n\t\t\t\t\t<\/div>\n\t\t\t\t<\/div>\n\t\t<div class=\"elementor-element elementor-element-28f2fb8 e-flex e-con-boxed e-con e-parent\" data-id=\"28f2fb8\" data-element_type=\"container\" data-e-type=\"container\">\n\t\t\t\t\t<div class=\"e-con-inner\">\n\t\t\t\t<div class=\"elementor-element elementor-element-69b1c0e elementor-widget elementor-widget-heading\" data-id=\"69b1c0e\" data-element_type=\"widget\" data-e-type=\"widget\" data-widget_type=\"heading.default\">\n\t\t\t\t\t<h2 class=\"elementor-heading-title elementor-size-default\">Preguntas frecuentes respecto a Terapia de pareja en Quito y Cumbay\u00e1<\/h2>\t\t\t\t<\/div>\n\t\t\t\t<div class=\"elementor-element elementor-element-b44f5fb elementor-widget elementor-widget-n-accordion\" data-id=\"b44f5fb\" data-element_type=\"widget\" data-e-type=\"widget\" data-settings=\"{&quot;default_state&quot;:&quot;expanded&quot;,&quot;max_items_expended&quot;:&quot;one&quot;,&quot;n_accordion_animation_duration&quot;:{&quot;unit&quot;:&quot;ms&quot;,&quot;size&quot;:400,&quot;sizes&quot;:[]}}\" data-widget_type=\"nested-accordion.default\">\n\t\t\t\t\t\t\t<div class=\"e-n-accordion\" aria-label=\"Accordion. Open links with Enter or Space, close with Escape, and navigate with Arrow Keys\">\n\t\t\t\t\t\t<details id=\"e-n-accordion-item-1890\" class=\"e-n-accordion-item\" open>\n\t\t\t\t<summary class=\"e-n-accordion-item-title\" data-accordion-index=\"1\" tabindex=\"0\" aria-expanded=\"true\" aria-controls=\"e-n-accordion-item-1890\" >\n\t\t\t\t\t<span class='e-n-accordion-item-title-header'><div class=\"e-n-accordion-item-title-text\"> \u00bfLa terapia de pareja sirve si ya estamos en una crisis fuerte? <\/div><\/span>\n\t\t\t\t\t\t\t<span class='e-n-accordion-item-title-icon'>\n\t\t\t<span class='e-opened' ><svg aria-hidden=\"true\" class=\"e-font-icon-svg e-fas-minus\" viewBox=\"0 0 448 512\" xmlns=\"http:\/\/www.w3.org\/2000\/svg\"><path d=\"M416 208H32c-17.67 0-32 14.33-32 32v32c0 17.67 14.33 32 32 32h384c17.67 0 32-14.33 32-32v-32c0-17.67-14.33-32-32-32z\"><\/path><\/svg><\/span>\n\t\t\t<span class='e-closed'><svg aria-hidden=\"true\" class=\"e-font-icon-svg e-fas-plus\" viewBox=\"0 0 448 512\" xmlns=\"http:\/\/www.w3.org\/2000\/svg\"><path d=\"M416 208H272V64c0-17.67-14.33-32-32-32h-32c-17.67 0-32 14.33-32 32v144H32c-17.67 0-32 14.33-32 32v32c0 17.67 14.33 32 32 32h144v144c0 17.67 14.33 32 32 32h32c17.67 0 32-14.33 32-32V304h144c17.67 0 32-14.33 32-32v-32c0-17.67-14.33-32-32-32z\"><\/path><\/svg><\/span>\n\t\t<\/span>\n\n\t\t\t\t\t\t<\/summary>\n\t\t\t\t<div role=\"region\" aria-labelledby=\"e-n-accordion-item-1890\" class=\"elementor-element elementor-element-30d01e7 e-con-full e-flex e-con e-child\" data-id=\"30d01e7\" data-element_type=\"container\" data-e-type=\"container\">\n\t\t\t\t<div class=\"elementor-element elementor-element-c1a9af6 elementor-widget elementor-widget-text-editor\" data-id=\"c1a9af6\" data-element_type=\"widget\" data-e-type=\"widget\" data-widget_type=\"text-editor.default\">\n\t\t\t\t\t\t\t\t\t<p>S\u00ed. Ayuda a ordenar el momento, reducir escaladas y construir acuerdos posibles, incluso si est\u00e1n considerando separarse.<\/p>\t\t\t\t\t\t\t\t<\/div>\n\t\t\t\t<\/div>\n\t\t\t\t\t<\/details>\n\t\t\t\t\t\t<details id=\"e-n-accordion-item-1891\" class=\"e-n-accordion-item\" >\n\t\t\t\t<summary class=\"e-n-accordion-item-title\" data-accordion-index=\"2\" tabindex=\"-1\" aria-expanded=\"false\" aria-controls=\"e-n-accordion-item-1891\" >\n\t\t\t\t\t<span class='e-n-accordion-item-title-header'><div class=\"e-n-accordion-item-title-text\"> \u00bfTrabajas celos e infidelidad? <\/div><\/span>\n\t\t\t\t\t\t\t<span class='e-n-accordion-item-title-icon'>\n\t\t\t<span class='e-opened' ><svg aria-hidden=\"true\" class=\"e-font-icon-svg e-fas-minus\" viewBox=\"0 0 448 512\" xmlns=\"http:\/\/www.w3.org\/2000\/svg\"><path d=\"M416 208H32c-17.67 0-32 14.33-32 32v32c0 17.67 14.33 32 32 32h384c17.67 0 32-14.33 32-32v-32c0-17.67-14.33-32-32-32z\"><\/path><\/svg><\/span>\n\t\t\t<span class='e-closed'><svg aria-hidden=\"true\" class=\"e-font-icon-svg e-fas-plus\" viewBox=\"0 0 448 512\" xmlns=\"http:\/\/www.w3.org\/2000\/svg\"><path d=\"M416 208H272V64c0-17.67-14.33-32-32-32h-32c-17.67 0-32 14.33-32 32v144H32c-17.67 0-32 14.33-32 32v32c0 17.67 14.33 32 32 32h144v144c0 17.67 14.33 32 32 32h32c17.67 0 32-14.33 32-32V304h144c17.67 0 32-14.33 32-32v-32c0-17.67-14.33-32-32-32z\"><\/path><\/svg><\/span>\n\t\t<\/span>\n\n\t\t\t\t\t\t<\/summary>\n\t\t\t\t<div role=\"region\" aria-labelledby=\"e-n-accordion-item-1891\" class=\"elementor-element elementor-element-46acab2 e-con-full e-flex e-con e-child\" data-id=\"46acab2\" data-element_type=\"container\" data-e-type=\"container\">\n\t\t\t\t<div class=\"elementor-element elementor-element-9c94f1a elementor-widget elementor-widget-text-editor\" data-id=\"9c94f1a\" data-element_type=\"widget\" data-e-type=\"widget\" data-widget_type=\"text-editor.default\">\n\t\t\t\t\t\t\t\t\t<p>S\u00ed. Se puede trabajar reconstrucci\u00f3n de confianza, reparaci\u00f3n emocional y l\u00edmites claros, seg\u00fan el caso.<\/p>\t\t\t\t\t\t\t\t<\/div>\n\t\t\t\t<\/div>\n\t\t\t\t\t<\/details>\n\t\t\t\t\t\t<details id=\"e-n-accordion-item-1892\" class=\"e-n-accordion-item\" >\n\t\t\t\t<summary class=\"e-n-accordion-item-title\" data-accordion-index=\"3\" tabindex=\"-1\" aria-expanded=\"false\" aria-controls=\"e-n-accordion-item-1892\" >\n\t\t\t\t\t<span class='e-n-accordion-item-title-header'><div class=\"e-n-accordion-item-title-text\"> \u00bfQu\u00e9 pasa si mi pareja no quiere venir? <\/div><\/span>\n\t\t\t\t\t\t\t<span class='e-n-accordion-item-title-icon'>\n\t\t\t<span class='e-opened' ><svg aria-hidden=\"true\" class=\"e-font-icon-svg e-fas-minus\" viewBox=\"0 0 448 512\" xmlns=\"http:\/\/www.w3.org\/2000\/svg\"><path d=\"M416 208H32c-17.67 0-32 14.33-32 32v32c0 17.67 14.33 32 32 32h384c17.67 0 32-14.33 32-32v-32c0-17.67-14.33-32-32-32z\"><\/path><\/svg><\/span>\n\t\t\t<span class='e-closed'><svg aria-hidden=\"true\" class=\"e-font-icon-svg e-fas-plus\" viewBox=\"0 0 448 512\" xmlns=\"http:\/\/www.w3.org\/2000\/svg\"><path d=\"M416 208H272V64c0-17.67-14.33-32-32-32h-32c-17.67 0-32 14.33-32 32v144H32c-17.67 0-32 14.33-32 32v32c0 17.67 14.33 32 32 32h144v144c0 17.67 14.33 32 32 32h32c17.67 0 32-14.33 32-32V304h144c17.67 0 32-14.33 32-32v-32c0-17.67-14.33-32-32-32z\"><\/path><\/svg><\/span>\n\t\t<\/span>\n\n\t\t\t\t\t\t<\/summary>\n\t\t\t\t<div role=\"region\" aria-labelledby=\"e-n-accordion-item-1892\" class=\"elementor-element elementor-element-0f90fba e-con-full e-flex e-con e-child\" data-id=\"0f90fba\" data-element_type=\"container\" data-e-type=\"container\">\n\t\t\t\t<div class=\"elementor-element elementor-element-79d5ccb elementor-widget elementor-widget-text-editor\" data-id=\"79d5ccb\" data-element_type=\"widget\" data-e-type=\"widget\" data-widget_type=\"text-editor.default\">\n\t\t\t\t\t\t\t\t\t<p>Se puede empezar con sesiones individuales para ordenar tu situaci\u00f3n y mejorar tu forma de comunicarte y poner l\u00edmites. Luego se invita a la pareja si es viable.<\/p>\t\t\t\t\t\t\t\t<\/div>\n\t\t\t\t<\/div>\n\t\t\t\t\t<\/details>\n\t\t\t\t\t\t<details id=\"e-n-accordion-item-1893\" class=\"e-n-accordion-item\" >\n\t\t\t\t<summary class=\"e-n-accordion-item-title\" data-accordion-index=\"4\" tabindex=\"-1\" aria-expanded=\"false\" aria-controls=\"e-n-accordion-item-1893\" >\n\t\t\t\t\t<span class='e-n-accordion-item-title-header'><div class=\"e-n-accordion-item-title-text\"> \u00bfAcompa\u00f1as separaci\u00f3n o divorcio? <\/div><\/span>\n\t\t\t\t\t\t\t<span class='e-n-accordion-item-title-icon'>\n\t\t\t<span class='e-opened' ><svg aria-hidden=\"true\" class=\"e-font-icon-svg e-fas-minus\" viewBox=\"0 0 448 512\" xmlns=\"http:\/\/www.w3.org\/2000\/svg\"><path d=\"M416 208H32c-17.67 0-32 14.33-32 32v32c0 17.67 14.33 32 32 32h384c17.67 0 32-14.33 32-32v-32c0-17.67-14.33-32-32-32z\"><\/path><\/svg><\/span>\n\t\t\t<span class='e-closed'><svg aria-hidden=\"true\" class=\"e-font-icon-svg e-fas-plus\" viewBox=\"0 0 448 512\" xmlns=\"http:\/\/www.w3.org\/2000\/svg\"><path d=\"M416 208H272V64c0-17.67-14.33-32-32-32h-32c-17.67 0-32 14.33-32 32v144H32c-17.67 0-32 14.33-32 32v32c0 17.67 14.33 32 32 32h144v144c0 17.67 14.33 32 32 32h32c17.67 0 32-14.33 32-32V304h144c17.67 0 32-14.33 32-32v-32c0-17.67-14.33-32-32-32z\"><\/path><\/svg><\/span>\n\t\t<\/span>\n\n\t\t\t\t\t\t<\/summary>\n\t\t\t\t<div role=\"region\" aria-labelledby=\"e-n-accordion-item-1893\" class=\"elementor-element elementor-element-88cdfe1 e-con-full e-flex e-con e-child\" data-id=\"88cdfe1\" data-element_type=\"container\" data-e-type=\"container\">\n\t\t\t\t<div class=\"elementor-element elementor-element-a650b2c elementor-widget elementor-widget-text-editor\" data-id=\"a650b2c\" data-element_type=\"widget\" data-e-type=\"widget\" data-widget_type=\"text-editor.default\">\n\t\t\t\t\t\t\t\t\t<p>S\u00ed. Para un cierre saludable y decisiones con m\u00e1s claridad, cuidando el bienestar emocional de ambas partes y de los hijos si los hay.<\/p>\t\t\t\t\t\t\t\t<\/div>\n\t\t\t\t<\/div>\n\t\t\t\t\t<\/details>\n\t\t\t\t\t\t<details id=\"e-n-accordion-item-1894\" class=\"e-n-accordion-item\" >\n\t\t\t\t<summary class=\"e-n-accordion-item-title\" data-accordion-index=\"5\" tabindex=\"-1\" aria-expanded=\"false\" aria-controls=\"e-n-accordion-item-1894\" >\n\t\t\t\t\t<span class='e-n-accordion-item-title-header'><div class=\"e-n-accordion-item-title-text\"> 5.\t\u00bfAtiendes presencial y telepsicolog\u00eda? <\/div><\/span>\n\t\t\t\t\t\t\t<span class='e-n-accordion-item-title-icon'>\n\t\t\t<span class='e-opened' ><svg aria-hidden=\"true\" class=\"e-font-icon-svg e-fas-minus\" viewBox=\"0 0 448 512\" xmlns=\"http:\/\/www.w3.org\/2000\/svg\"><path d=\"M416 208H32c-17.67 0-32 14.33-32 32v32c0 17.67 14.33 32 32 32h384c17.67 0 32-14.33 32-32v-32c0-17.67-14.33-32-32-32z\"><\/path><\/svg><\/span>\n\t\t\t<span class='e-closed'><svg aria-hidden=\"true\" class=\"e-font-icon-svg e-fas-plus\" viewBox=\"0 0 448 512\" xmlns=\"http:\/\/www.w3.org\/2000\/svg\"><path d=\"M416 208H272V64c0-17.67-14.33-32-32-32h-32c-17.67 0-32 14.33-32 32v144H32c-17.67 0-32 14.33-32 32v32c0 17.67 14.33 32 32 32h144v144c0 17.67 14.33 32 32 32h32c17.67 0 32-14.33 32-32V304h144c17.67 0 32-14.33 32-32v-32c0-17.67-14.33-32-32-32z\"><\/path><\/svg><\/span>\n\t\t<\/span>\n\n\t\t\t\t\t\t<\/summary>\n\t\t\t\t<div role=\"region\" aria-labelledby=\"e-n-accordion-item-1894\" class=\"elementor-element elementor-element-226203d e-con-full e-flex e-con e-child\" data-id=\"226203d\" data-element_type=\"container\" data-e-type=\"container\">\n\t\t\t\t<div class=\"elementor-element elementor-element-58f40ad elementor-widget elementor-widget-text-editor\" data-id=\"58f40ad\" data-element_type=\"widget\" data-e-type=\"widget\" data-widget_type=\"text-editor.default\">\n\t\t\t\t\t\t\t\t\t<p>S\u00ed. Atenci\u00f3n presencial en Quito y Cumbay\u00e1, y telepsicolog\u00eda seg\u00fan coordinaci\u00f3n.<\/p>\t\t\t\t\t\t\t\t<\/div>\n\t\t\t\t<\/div>\n\t\t\t\t\t<\/details>\n\t\t\t\t\t<\/div>\n\t\t\t\t\t\t<\/div>\n\t\t\t\t\t<\/div>\n\t\t\t\t<\/div>\n\t\t<div class=\"elementor-element elementor-element-6509d55 e-flex e-con-boxed e-con e-parent\" data-id=\"6509d55\" data-element_type=\"container\" data-e-type=\"container\">\n\t\t\t\t\t<div class=\"e-con-inner\">\n\t\t\t\t<div class=\"elementor-element elementor-element-71b2d1d elementor-widget elementor-widget-heading\" data-id=\"71b2d1d\" data-element_type=\"widget\" data-e-type=\"widget\" data-widget_type=\"heading.default\">\n\t\t\t\t\t<h2 class=\"elementor-heading-title elementor-size-default\">Si necesitasagendar una consulta escr\u00edbenos y enseguida nos cominicaremos:<\/h2>\t\t\t\t<\/div>\n\t\t\t\t\t<\/div>\n\t\t\t\t<\/div>\n\t\t<div class=\"elementor-element elementor-element-1fe5af0 e-flex e-con-boxed e-con e-parent\" data-id=\"1fe5af0\" data-element_type=\"container\" data-e-type=\"container\">\n\t\t\t\t\t<div class=\"e-con-inner\">\n\t\t\t\t<div class=\"elementor-element elementor-element-16cd35e elementor-align-center elementor-widget elementor-widget-button\" data-id=\"16cd35e\" data-element_type=\"widget\" data-e-type=\"widget\" data-widget_type=\"button.default\">\n\t\t\t\t\t\t\t\t\t\t<a class=\"elementor-button elementor-button-link elementor-size-sm\" href=\"https:\/\/wa.link\/gsfdd3\">\n\t\t\t\t\t\t<span class=\"elementor-button-content-wrapper\">\n\t\t\t\t\t\t<span class=\"elementor-button-icon\">\n\t\t\t\t<svg aria-hidden=\"true\" class=\"e-font-icon-svg e-fab-whatsapp\" viewBox=\"0 0 448 512\" xmlns=\"http:\/\/www.w3.org\/2000\/svg\"><path d=\"M380.9 97.1C339 55.1 283.2 32 223.9 32c-122.4 0-222 99.6-222 222 0 39.1 10.2 77.3 29.6 111L0 480l117.7-30.9c32.4 17.7 68.9 27 106.1 27h.1c122.3 0 224.1-99.6 224.1-222 0-59.3-25.2-115-67.1-157zm-157 341.6c-33.2 0-65.7-8.9-94-25.7l-6.7-4-69.8 18.3L72 359.2l-4.4-7c-18.5-29.4-28.2-63.3-28.2-98.2 0-101.7 82.8-184.5 184.6-184.5 49.3 0 95.6 19.2 130.4 54.1 34.8 34.9 56.2 81.2 56.1 130.5 0 101.8-84.9 184.6-186.6 184.6zm101.2-138.2c-5.5-2.8-32.8-16.2-37.9-18-5.1-1.9-8.8-2.8-12.5 2.8-3.7 5.6-14.3 18-17.6 21.8-3.2 3.7-6.5 4.2-12 1.4-32.6-16.3-54-29.1-75.5-66-5.7-9.8 5.7-9.1 16.3-30.3 1.8-3.7.9-6.9-.5-9.7-1.4-2.8-12.5-30.1-17.1-41.2-4.5-10.8-9.1-9.3-12.5-9.5-3.2-.2-6.9-.2-10.6-.2-3.7 0-9.7 1.4-14.8 6.9-5.1 5.6-19.4 19-19.4 46.3 0 27.3 19.9 53.7 22.6 57.4 2.8 3.7 39.1 59.7 94.8 83.8 35.2 15.2 49 16.5 66.6 13.9 10.7-1.6 32.8-13.4 37.4-26.4 4.6-13 4.6-24.1 3.2-26.4-1.3-2.5-5-3.9-10.5-6.6z\"><\/path><\/svg>\t\t\t<\/span>\n\t\t\t\t\t\t\t\t\t<span class=\"elementor-button-text\">CONTACTA POR WHATSAPP<\/span>\n\t\t\t\t\t<\/span>\n\t\t\t\t\t<\/a>\n\t\t\t\t\t\t\t\t<\/div>\n\t\t\t\t\t<\/div>\n\t\t\t\t<\/div>\n\t\t\t\t<\/div>\n\t\t","protected":false},"excerpt":{"rendered":"<p>Terapia de pareja en Quito y Cumbay\u00e1 \u00bfPara qu\u00e9 sirve la terapia de pareja? La terapia de pareja es un espacio profesional para mejorar la comunicaci\u00f3n, ordenar conflictos y reconstruir acuerdos cuando la relaci\u00f3n se siente estancada o desgastada. Brindo atenci\u00f3n presencial en Quito y Cumbay\u00e1 (y telepsicolog\u00eda seg\u00fan coordinaci\u00f3n), con un encuadre claro, objetivos [&hellip;]<\/p>\n","protected":false},"author":1,"featured_media":0,"parent":0,"menu_order":0,"comment_status":"closed","ping_status":"closed","template":"","meta":{"footnotes":""},"class_list":["post-126","page","type-page","status-publish","hentry"],"_links":{"self":[{"href":"https:\/\/www.elianaillanez.com\/index.php\/wp-json\/wp\/v2\/pages\/126","targetHints":{"allow":["GET"]}}],"collection":[{"href":"https:\/\/www.elianaillanez.com\/index.php\/wp-json\/wp\/v2\/pages"}],"about":[{"href":"https:\/\/www.elianaillanez.com\/index.php\/wp-json\/wp\/v2\/types\/page"}],"author":[{"embeddable":true,"href":"https:\/\/www.elianaillanez.com\/index.php\/wp-json\/wp\/v2\/users\/1"}],"replies":[{"embeddable":true,"href":"https:\/\/www.elianaillanez.com\/index.php\/wp-json\/wp\/v2\/comments?post=126"}],"version-history":[{"count":9,"href":"https:\/\/www.elianaillanez.com\/index.php\/wp-json\/wp\/v2\/pages\/126\/revisions"}],"predecessor-version":[{"id":529,"href":"https:\/\/www.elianaillanez.com\/index.php\/wp-json\/wp\/v2\/pages\/126\/revisions\/529"}],"wp:attachment":[{"href":"https:\/\/www.elianaillanez.com\/index.php\/wp-json\/wp\/v2\/media?parent=126"}],"curies":[{"name":"wp","href":"https:\/\/api.w.org\/{rel}","templated":true}]}}